{"id":880,"date":"2023-03-24T17:38:10","date_gmt":"2023-03-24T16:38:10","guid":{"rendered":"https:\/\/vansoest.info\/?page_id=880"},"modified":"2023-08-05T13:52:29","modified_gmt":"2023-08-05T11:52:29","slug":"maria-huberta-gerarda-van-soest-geb-1914","status":"publish","type":"page","link":"https:\/\/vansoest.info\/?page_id=880","title":{"rendered":"Mie van Soest geb 1914"},"content":{"rendered":"\n<figure class=\"wp-block-image size-large is-resized\"><img loading=\"lazy\" decoding=\"async\" src=\"https:\/\/vansoest.info\/wp-content\/uploads\/2023\/04\/Scherm\u00adafbeelding-2023-04-07-om-13.35.06-1024x210.png\" alt=\"\" class=\"wp-image-1182\" width=\"1202\" height=\"246\" srcset=\"https:\/\/vansoest.info\/wp-content\/uploads\/2023\/04\/Scherm\u00adafbeelding-2023-04-07-om-13.35.06-1024x210.png 1024w, https:\/\/vansoest.info\/wp-content\/uploads\/2023\/04\/Scherm\u00adafbeelding-2023-04-07-om-13.35.06-300x62.png 300w, https:\/\/vansoest.info\/wp-content\/uploads\/2023\/04\/Scherm\u00adafbeelding-2023-04-07-om-13.35.06-768x158.png 768w, https:\/\/vansoest.info\/wp-content\/uploads\/2023\/04\/Scherm\u00adafbeelding-2023-04-07-om-13.35.06-1536x315.png 1536w, https:\/\/vansoest.info\/wp-content\/uploads\/2023\/04\/Scherm\u00adafbeelding-2023-04-07-om-13.35.06.png 1724w\" sizes=\"auto, (max-width: 1202px) 100vw, 1202px\" \/><\/figure>\n\n\n<p>Haar vader was&nbsp;<a href=\"https:\/\/vansoest.info\/?page_id=18\">Arnoldus Hubertus van Soest<\/a>&nbsp;en moeder was Jacoba Mechtilda Rosalia Freulich.<\/p>\n<div class=\"page\" title=\"Page 64\">\n<div class=\"layoutArea\">\n<div class=\"column\">\n<p>Tante Mie. Of was het nu tante Maria?<br>Volgens mij werden beide namen voor haar gebruikt, maar ik noemde haar altijd tante Mie. Ze was het 6e kind in de familie, ze zou echter als jongste van alle kinderen overlijden. Slechts 62 jaar is ze geworden. Veel te jong dus.<br>En helaas is over haar het minste bekend en ook het minste in de oude documenten terug te vinden.<br>We zullen het puur met de herinneringen die we aan haar hebben moeten doen. En de herinneringen die we aan haar hebben zijn eigenlijk \u201calgemene herinneringen\u201d zoals we die aan de hele familie hebben.<br>Ook zij was een lieve en zorgzame vrouw. Een lief karakter, zoals de hele familie dit had. Maar echt specifieke dingen van haar en of hobby\u2019s weet ik helaas niet.<br>Wel was ze in mijn herinneringen altijd een vrouw die ook samen met ome Chrit en ome Jeu het land op ging. En ook het stro na het maaien deed binden om hier vervolgens een grote hooimijt van te maken.<\/p>\n<p>Ik kan me wel herinneren van mijn vakanties en bezoekjes in Broekhuizen dat ik wel eens met haar ging \u201cvoetballen\u201d. We trapten toen de bal op het pannendak boven de loods waar de landbouwvoertuigen stonden en de kunst was dan de bal te vangen als deze weer ergens van het dak rolde.<\/p>\n<p>Of samen met haar even naar de kippen om deze te voeren en de eieren te zoeken en rapen. Dat waren nog echte scharrelkippen.<\/p>\n<\/div>\n<\/div>\n<\/div>\n\n\n<div class=\"wp-block-columns is-layout-flex wp-container-core-columns-is-layout-28f84493 wp-block-columns-is-layout-flex\">\n<div class=\"wp-block-column is-layout-flow wp-block-column-is-layout-flow\" style=\"flex-basis:66.66%\">\n<figure class=\"wp-block-image size-full\"><img loading=\"lazy\" decoding=\"async\" width=\"938\" height=\"660\" src=\"https:\/\/vansoest.info\/wp-content\/uploads\/2023\/04\/Scherm\u00adafbeelding-2023-04-07-om-13.37.10.png\" alt=\"\" class=\"wp-image-1183\" srcset=\"https:\/\/vansoest.info\/wp-content\/uploads\/2023\/04\/Scherm\u00adafbeelding-2023-04-07-om-13.37.10.png 938w, https:\/\/vansoest.info\/wp-content\/uploads\/2023\/04\/Scherm\u00adafbeelding-2023-04-07-om-13.37.10-300x211.png 300w, https:\/\/vansoest.info\/wp-content\/uploads\/2023\/04\/Scherm\u00adafbeelding-2023-04-07-om-13.37.10-768x540.png 768w\" sizes=\"auto, (max-width: 938px) 100vw, 938px\" \/><\/figure>\n<\/div>\n\n\n\n<div class=\"wp-block-column is-layout-flow wp-block-column-is-layout-flow\" style=\"flex-basis:33.33%\">\n<div class=\"page\" title=\"Page 64\">\n<div class=\"layoutArea\">\n<div class=\"column\">\n<p>En ik ben een keer met haar een stukje gaan rijden in hun nieuwe auto, een Renault Dauphine. Ik vond het toen al een leuke auto, maar vind dit nog steeds een leuke auto als je dit model nog eens ergens incidenteel ziet. En als de auto in de garage stond, werd er heel netjes ter bescherming een deken over gelegd.<\/p>\n<\/div>\n<\/div>\n<\/div>\n<div class=\"page\" title=\"Page 64\">\n<div class=\"layoutArea\">\n<div class=\"column\">\n<p><em>Tante Maria met haar Renault Dauphine op de bruilof van tante Nella en ome Pierre<\/em><\/p>\n<\/div>\n<\/div>\n<\/div>\n<\/div>\n<\/div>\n\n\n\n<div class=\"wp-block-columns is-layout-flex wp-container-core-columns-is-layout-28f84493 wp-block-columns-is-layout-flex\">\n<div class=\"wp-block-column is-layout-flow wp-block-column-is-layout-flow\" style=\"flex-basis:33.33%\">\n<div class=\"page\" title=\"Page 65\">\n<div class=\"layoutArea\">\n<div class=\"column\">\n<p>Maar zoals eerder aangehaald, eigenlijk is er weinig bekend over tante Mie.<br>Uit de meeste reacties die ik kreeg op de vraag \u201cweet je wel iets van tante Mie\u201d, dan kreeg ik van bijna iedereen de reactie \u201cnee eigenlijk weet ik weinig van haar. Ik vond haar wel altijd een heel lieve tante\u201d.<\/p>\n<p>En ik denk dat we dit beeld dan ook van haar zo maar moeten vasthouden.<\/p>\n<\/div>\n<\/div>\n<\/div>\n<div class=\"page\" title=\"Page 65\">\n<div class=\"layoutArea\">\n<div class=\"column\">\n<p>v.l.n.r. Mie \u2013 Sjaak \u2013 Clara foto van juli 1939<\/p>\n<\/div>\n<\/div>\n<\/div>\n<\/div>\n\n\n\n<div class=\"wp-block-column is-layout-flow wp-block-column-is-layout-flow\" style=\"flex-basis:66.66%\">\n<figure class=\"wp-block-image size-full\"><img loading=\"lazy\" decoding=\"async\" width=\"670\" height=\"998\" src=\"https:\/\/vansoest.info\/wp-content\/uploads\/2023\/04\/Scherm\u00adafbeelding-2023-04-07-om-13.38.56.png\" alt=\"\" class=\"wp-image-1184\" srcset=\"https:\/\/vansoest.info\/wp-content\/uploads\/2023\/04\/Scherm\u00adafbeelding-2023-04-07-om-13.38.56.png 670w, https:\/\/vansoest.info\/wp-content\/uploads\/2023\/04\/Scherm\u00adafbeelding-2023-04-07-om-13.38.56-201x300.png 201w\" sizes=\"auto, (max-width: 670px) 100vw, 670px\" \/><\/figure>\n<\/div>\n<\/div>\n\n\n<div class=\"page\" title=\"Page 65\">\n<div class=\"layoutArea\">\n<div class=\"column\">\n<p>Wel wil ik nog \u00e9\u00e9n ding aanhalen dat tante Clara een keer over haar verteld heeft.<br>E\u00e9n ding dat heel vreemd was. Heel toevallig ? Maar ik kreeg er wel even kippenvel van: Tante Clara vertelde ons dat achter de woning aan de Broekhuizerweg altijd een oude perenboom heeft gestaan. Deze was \u201cmooi van lelijkheid\u201d.<br>Vanwege de ouderdom moest deze boom op enig moment omgehakt worden.<br>Ome Chrit en ome Jeu hadden toen van de stam een bloembak gemaakt door de stam overdwars af te zagen en \u201cin te kepen\u201d. Zo werd deze boom een nieuwe bloembak en de favoriete bloembak van tante Mie. Ze verzorgde deze \u201cboomstakkenbak\u201d en de planten daarin met extra veel liefde. Groot was toen de verbazing van ome Chrit, ome Jeu en tante Clara toen men constateerde dat \u2019s-Morgens na het overlijden van tante Mie de boom middendoor gebroken was.<br>Heel bizar ! Maar toeval ?<\/p>\n<p><\/p>\n<\/div>\n<\/div>\n<\/div>\n\n\n<figure class=\"wp-block-image size-large is-resized\"><img loading=\"lazy\" decoding=\"async\" src=\"https:\/\/vansoest.info\/wp-content\/uploads\/2023\/04\/Scherm\u00adafbeelding-2023-04-07-om-13.40.45-1024x259.png\" alt=\"\" class=\"wp-image-1185\" width=\"1199\" height=\"303\" srcset=\"https:\/\/vansoest.info\/wp-content\/uploads\/2023\/04\/Scherm\u00adafbeelding-2023-04-07-om-13.40.45-1024x259.png 1024w, https:\/\/vansoest.info\/wp-content\/uploads\/2023\/04\/Scherm\u00adafbeelding-2023-04-07-om-13.40.45-300x76.png 300w, https:\/\/vansoest.info\/wp-content\/uploads\/2023\/04\/Scherm\u00adafbeelding-2023-04-07-om-13.40.45-768x194.png 768w, https:\/\/vansoest.info\/wp-content\/uploads\/2023\/04\/Scherm\u00adafbeelding-2023-04-07-om-13.40.45-1536x389.png 1536w, https:\/\/vansoest.info\/wp-content\/uploads\/2023\/04\/Scherm\u00adafbeelding-2023-04-07-om-13.40.45.png 1660w\" sizes=\"auto, (max-width: 1199px) 100vw, 1199px\" \/><\/figure>\n\n\n","protected":false},"excerpt":{"rendered":"<p>Haar vader was&nbsp;Arnoldus Hubertus van Soest&nbsp;en moeder was Jacoba Mechtilda Rosalia Freulich. Tante Mie. Of was het nu tante Maria?Volgens mij werden beide namen voor haar gebruikt, maar ik noemde haar altijd tante Mie. Ze was het 6e kind in de familie, ze zou echter als jongste van alle kinderen overlijden. Slechts 62 jaar is [&hellip;]<\/p>\n","protected":false},"author":1,"featured_media":0,"parent":0,"menu_order":0,"comment_status":"closed","ping_status":"closed","template":"","meta":{"ngg_post_thumbnail":0,"_kadence_starter_templates_imported_post":false,"footnotes":""},"class_list":["post-880","page","type-page","status-publish","hentry"],"_links":{"self":[{"href":"https:\/\/vansoest.info\/index.php?rest_route=\/wp\/v2\/pages\/880","targetHints":{"allow":["GET"]}}],"collection":[{"href":"https:\/\/vansoest.info\/index.php?rest_route=\/wp\/v2\/pages"}],"about":[{"href":"https:\/\/vansoest.info\/index.php?rest_route=\/wp\/v2\/types\/page"}],"author":[{"embeddable":true,"href":"https:\/\/vansoest.info\/index.php?rest_route=\/wp\/v2\/users\/1"}],"replies":[{"embeddable":true,"href":"https:\/\/vansoest.info\/index.php?rest_route=%2Fwp%2Fv2%2Fcomments&post=880"}],"version-history":[{"count":11,"href":"https:\/\/vansoest.info\/index.php?rest_route=\/wp\/v2\/pages\/880\/revisions"}],"predecessor-version":[{"id":2669,"href":"https:\/\/vansoest.info\/index.php?rest_route=\/wp\/v2\/pages\/880\/revisions\/2669"}],"wp:attachment":[{"href":"https:\/\/vansoest.info\/index.php?rest_route=%2Fwp%2Fv2%2Fmedia&parent=880"}],"curies":[{"name":"wp","href":"https:\/\/api.w.org\/{rel}","templated":true}]}}