{"id":3061,"date":"2023-10-29T15:15:07","date_gmt":"2023-10-29T14:15:07","guid":{"rendered":"https:\/\/vansoest.info\/?page_id=3061"},"modified":"2023-11-01T22:09:12","modified_gmt":"2023-11-01T21:09:12","slug":"johan-carolus-hoffman-maria-johanna-oosterbosch","status":"publish","type":"page","link":"https:\/\/vansoest.info\/?page_id=3061","title":{"rendered":"Johan Carolus Hoffman &#8211; 1775 -Maria Johanna Oosterbosch"},"content":{"rendered":"<p>Johan Carolus Hoffman, geboren in Maastricht op <a href=\"https:\/\/aezel.eu\/details\/feit\/2951236\">13-08-1753<\/a>, beroep stukadoor, overleden in Maastricht op <a href=\"https:\/\/aezel.eu\/details\/feit\/1301659\">22-07-1802<\/a>. Hij trouwde in Maastricht op <a href=\"https:\/\/aezel.eu\/details\/feit\/2891747\">26-02-1775<\/a> met Maria Johanna Oosterbosch, geboren in Breda op 26-02-1775 en overleden in Maastricht op <a href=\"https:\/\/aezel.eu\/details\/feit\/1365778\">16-12-1830<\/a>.&nbsp;<\/p>\n<p>Vader was <a href=\"https:\/\/vansoest.info\/?page_id=3054\">Johannes Hofman, moeder Marie Albertus<\/a>.<\/p>\n<p>Kinderen:<\/p>\n<ul>\n<li>Johan Stephanus \/ Jean Etienne Hofman, geboren in Maastricht op <a href=\"https:\/\/aezel.eu\/details\/feit\/2948400\">27-01-1774<\/a>, van beroep pleisteraar en overleden te Maastricht op <a href=\"https:\/\/aezel.eu\/details\/feit\/1366298\">15-10-1844<\/a>, getrouwd in Maastricht <a href=\"https:\/\/aezel.eu\/details\/feit\/356580\">25-02-1797<\/a> met Jeanna Tilleman. Jeanne is geboren op 08-05-1775.<\/li>\n<li>Johan Bartholomeus Hofman, geboren in Maastricht op <a href=\"https:\/\/aezel.eu\/details\/feit\/2947887\">23-08-1775<\/a>&nbsp;en overleden te Maastricht op 04-10-1838. Hij trouwde in Maastricht op <a href=\"https:\/\/aezel.eu\/details\/feit\/348069\">16-02-1804<\/a> met Marie Jeanne Panckers, geboren op 23-08-1775, en overleden in Maastricht op <a href=\"https:\/\/aezel.eu\/details\/feit\/1259279\">15-06-1845<\/a>.&nbsp;<\/li>\n<li>Maria Magdalena Hofman, geboren in Maastricht op <a href=\"https:\/\/aezel.eu\/details\/feit\/2947443\">23-02-1777<\/a> en overleden in Maastricht op <a href=\"https:\/\/aezel.eu\/details\/feit\/2947443\">31-12-1782<\/a>.<\/li>\n<li>Christian Thomas Hofman, geboren in Maastricht op <a href=\"https:\/\/aezel.eu\/details\/feit\/2947489\">21-12-1778<\/a> en overleden in Maastricht op 20-06-1781.&nbsp;<\/li>\n<li>Maria Elisabeth Hofman, geboren in Maastricht op <a href=\"https:\/\/aezel.eu\/details\/feit\/2947838\">07-11-1780<\/a>, getrouwd in Maastricht op <a href=\"https:\/\/aezel.eu\/details\/feit\/350913\">06-10-1814<\/a> met Pierre Jacques Bril. Maria is overleden in Maastricht op <a href=\"https:\/\/aezel.eu\/details\/feit\/1353364\">01-07-1858<\/a>. Jacques Bril is geboren in Bailleul (Belgi\u00eb) op 11-06-1791 en was schoenmaker van beroep en hij is overleden in Maastricht op <a href=\"https:\/\/aezel.eu\/details\/feit\/1338148\">29-04-1865<\/a>. Vader was Pierre Fran\u00e7ois Bril, moeder Jeanne Th\u00e9r\u00e8se Denier.<\/li>\n<li>Maria Helena Hofman, geboren in Maastricht op <a href=\"https:\/\/aezel.eu\/details\/feit\/2947443\">31-12-1782<\/a> en overleden in Maastricht op <a href=\"https:\/\/aezel.eu\/details\/feit\/1348446\">29-12-1860<\/a>. Ze trouwde op 18-01-1810 met Andries Coonraat. Andries is geboren in Maastricht op 09-08-1770 en was wolspinner, vader Engelbert Coonraat, moeder Anna Maria Angeleer. Andries is overleden in Maastricht op <a href=\"https:\/\/aezel.eu\/details\/feit\/1364118\">09-05-1828<\/a>.&nbsp;<\/li>\n<li>Johannes Hofman, geboren in Maastricht op <a href=\"https:\/\/aezel.eu\/details\/feit\/2946929\">20-01-1785<\/a>.&nbsp;<\/li>\n<li>Herman Hofman, geboren in Maastricht op 15-11-1786.&nbsp;<\/li>\n<li><a href=\"https:\/\/vansoest.info\/?page_id=3078\">Antonius \/ Antoine Hofman<\/a>, geboren in Maastricht op <a href=\"https:\/\/aezel.eu\/details\/feit\/2980229\">11-06-1788<\/a>&nbsp;en overleden in Maastricht op <a href=\"https:\/\/aezel.eu\/details\/feit\/1367644\">08-07-1849<\/a>. Hij trouwde in Maastricht op <a href=\"https:\/\/aezel.eu\/details\/feit\/346584\">24-10-1811<\/a> met Joanna Maria Veith. Joanna is geboren in Maastricht op <a href=\"https:\/\/aezel.eu\/details\/feit\/1965372\">23-04-1788<\/a>, vader Phillipe Veith en moeder Jeanna Marie Janssenen en overleden in Maastricht op <a href=\"https:\/\/aezel.eu\/details\/feit\/1328878\">05-10-1870<\/a>.&nbsp;<\/li>\n<li>Johanna Hofman, geboren in Maastricht op <a href=\"https:\/\/aezel.eu\/details\/feit\/2980451\">06-03-1790<\/a>.&nbsp;<\/li>\n<\/ul>\n","protected":false},"excerpt":{"rendered":"<p>Johan Carolus Hoffman, geboren in Maastricht op 13-08-1753, beroep stukadoor, overleden in Maastricht op 22-07-1802. Hij trouwde in Maastricht op 26-02-1775 met Maria Johanna Oosterbosch, geboren in Breda op 26-02-1775 en overleden in Maastricht op 16-12-1830.&nbsp; Vader was Johannes Hofman, moeder Marie Albertus. Kinderen: Johan Stephanus \/ Jean Etienne Hofman, geboren in Maastricht op 27-01-1774, [&hellip;]<\/p>\n","protected":false},"author":1,"featured_media":0,"parent":0,"menu_order":0,"comment_status":"closed","ping_status":"closed","template":"","meta":{"ngg_post_thumbnail":0,"_kadence_starter_templates_imported_post":false,"footnotes":""},"class_list":["post-3061","page","type-page","status-publish","hentry"],"_links":{"self":[{"href":"https:\/\/vansoest.info\/index.php?rest_route=\/wp\/v2\/pages\/3061","targetHints":{"allow":["GET"]}}],"collection":[{"href":"https:\/\/vansoest.info\/index.php?rest_route=\/wp\/v2\/pages"}],"about":[{"href":"https:\/\/vansoest.info\/index.php?rest_route=\/wp\/v2\/types\/page"}],"author":[{"embeddable":true,"href":"https:\/\/vansoest.info\/index.php?rest_route=\/wp\/v2\/users\/1"}],"replies":[{"embeddable":true,"href":"https:\/\/vansoest.info\/index.php?rest_route=%2Fwp%2Fv2%2Fcomments&post=3061"}],"version-history":[{"count":12,"href":"https:\/\/vansoest.info\/index.php?rest_route=\/wp\/v2\/pages\/3061\/revisions"}],"predecessor-version":[{"id":3149,"href":"https:\/\/vansoest.info\/index.php?rest_route=\/wp\/v2\/pages\/3061\/revisions\/3149"}],"wp:attachment":[{"href":"https:\/\/vansoest.info\/index.php?rest_route=%2Fwp%2Fv2%2Fmedia&parent=3061"}],"curies":[{"name":"wp","href":"https:\/\/api.w.org\/{rel}","templated":true}]}}